{"id":120,"date":"2025-06-01T18:12:23","date_gmt":"2025-06-01T18:12:23","guid":{"rendered":"https:\/\/ylonahartford.com\/?page_id=120"},"modified":"2025-06-07T23:23:25","modified_gmt":"2025-06-07T23:23:25","slug":"funerals-celebrations-of-life","status":"publish","type":"page","link":"https:\/\/ylonahartford.com\/?page_id=120","title":{"rendered":"Funerals &amp; Celebrations of Life"},"content":{"rendered":"\n<p><strong>Suggested Pieces: (requests will be considered as well)<\/strong><\/p>\n\n\n\n<p>Ave Maria (Latin) by Schubert<\/p>\n\n\n\n<p>Canzone del Salice e Ave Maria by Verdi<\/p>\n\n\n\n<p>Climb Every Mountain by Rodgers and Hammerstein<\/p>\n\n\n\n<p>Going Home by William Arms Fisher based on Anton\u00edn Dvo\u0159\u00e1k Largo from Symphony No. 9 (From the New World), Op. 95<\/p>\n\n\n\n<p>How Great Thou Art by Stuart Wesley Keene Hine<\/p>\n\n\n\n<p>Pie Jesu by Faur\u00e9<\/p>\n\n\n\n<p>Pie Jesu by Durufl\u00e9<\/p>\n\n\n\n<p>Swing Low Sweet Chariot Traditional Spiritual<\/p>\n\n\n\n<p>When I Have Sung My Songs to You by Charles<\/p>\n\n\n\n<p>Will There Really Be a Morning by Ricky Ian Gordon<\/p>\n\n\n\n<p>You&#8217;ll Never Walk Alone by Rodgers and Hammerstein<\/p>\n\n\n\n<p><\/p>\n\n\n\n<p><strong><strong>Some Examples:<\/strong><\/strong><\/p>\n\n\n\n<figure class=\"wp-block-embed is-type-video is-provider-youtube wp-block-embed-youtube wp-embed-aspect-16-9 wp-has-aspect-ratio\"><div class=\"wp-block-embed__wrapper\">\n<iframe loading=\"lazy\" title=\"When I Have Sung My Songs to You\" width=\"990\" height=\"557\" src=\"https:\/\/www.youtube.com\/embed\/Z8JR7v3vUvA?feature=oembed\" frameborder=\"0\" allow=\"accelerometer; autoplay; clipboard-write; encrypted-media; gyroscope; picture-in-picture; web-share\" referrerpolicy=\"strict-origin-when-cross-origin\" allowfullscreen><\/iframe>\n<\/div><\/figure>\n\n\n\n<figure class=\"wp-block-embed is-type-video is-provider-youtube wp-block-embed-youtube wp-embed-aspect-16-9 wp-has-aspect-ratio\"><div class=\"wp-block-embed__wrapper\">\n<iframe loading=\"lazy\" title=\"How Great Thou Art\" width=\"990\" height=\"557\" src=\"https:\/\/www.youtube.com\/embed\/Apm0T282D2M?feature=oembed\" frameborder=\"0\" allow=\"accelerometer; autoplay; clipboard-write; encrypted-media; gyroscope; picture-in-picture; web-share\" referrerpolicy=\"strict-origin-when-cross-origin\" allowfullscreen><\/iframe>\n<\/div><\/figure>\n\n\n\n<figure class=\"wp-block-embed is-type-video is-provider-youtube wp-block-embed-youtube wp-embed-aspect-16-9 wp-has-aspect-ratio\"><div class=\"wp-block-embed__wrapper\">\n<iframe loading=\"lazy\" title=\"Ave Maria\" width=\"990\" height=\"557\" src=\"https:\/\/www.youtube.com\/embed\/RHbPsyRh_MA?feature=oembed\" frameborder=\"0\" allow=\"accelerometer; autoplay; clipboard-write; encrypted-media; gyroscope; picture-in-picture; web-share\" referrerpolicy=\"strict-origin-when-cross-origin\" allowfullscreen><\/iframe>\n<\/div><\/figure>\n\n\n\n<figure class=\"wp-block-embed is-type-video is-provider-youtube wp-block-embed-youtube wp-embed-aspect-16-9 wp-has-aspect-ratio\"><div class=\"wp-block-embed__wrapper\">\n<iframe loading=\"lazy\" title=\"Pie Jesu by Faure\" width=\"990\" height=\"557\" src=\"https:\/\/www.youtube.com\/embed\/U5hHKIfJUM8?feature=oembed\" frameborder=\"0\" allow=\"accelerometer; autoplay; clipboard-write; encrypted-media; gyroscope; picture-in-picture; web-share\" referrerpolicy=\"strict-origin-when-cross-origin\" allowfullscreen><\/iframe>\n<\/div><\/figure>\n\n\n\n<p><\/p>\n","protected":false},"excerpt":{"rendered":"<p>Suggested Pieces: (requests will be considered as well) Ave Maria (Latin) by Schubert Canzone del Salice e Ave Maria by Verdi Climb Every Mountain by Rodgers and Hammerstein Going Home by William Arms Fisher based on Anton\u00edn Dvo\u0159\u00e1k Largo from Symphony No. 9 (From the New World), Op. 95 How Great Thou Art by Stuart [&hellip;]<\/p>\n","protected":false},"author":1,"featured_media":0,"parent":0,"menu_order":0,"comment_status":"closed","ping_status":"closed","template":"","meta":{"two_page_speed":{"previous_score":{"desktop_score":62,"desktop_tti":"7.4\u00a0","mobile_score":35,"mobile_tti":"37.3\u00a0","date":"01.06.2025 06:16:46 pm","status":"completed"},"current_score":{"desktop_score":75,"desktop_tti":"3.8\u00a0","mobile_score":74,"mobile_tti":"12.4\u00a0","date":"02.06.2025 05:14:06 pm","status":"error_no_score"}},"footnotes":""},"class_list":["post-120","page","type-page","status-publish","hentry"],"_links":{"self":[{"href":"https:\/\/ylonahartford.com\/index.php?rest_route=\/wp\/v2\/pages\/120","targetHints":{"allow":["GET"]}}],"collection":[{"href":"https:\/\/ylonahartford.com\/index.php?rest_route=\/wp\/v2\/pages"}],"about":[{"href":"https:\/\/ylonahartford.com\/index.php?rest_route=\/wp\/v2\/types\/page"}],"author":[{"embeddable":true,"href":"https:\/\/ylonahartford.com\/index.php?rest_route=\/wp\/v2\/users\/1"}],"replies":[{"embeddable":true,"href":"https:\/\/ylonahartford.com\/index.php?rest_route=%2Fwp%2Fv2%2Fcomments&post=120"}],"version-history":[{"count":1,"href":"https:\/\/ylonahartford.com\/index.php?rest_route=\/wp\/v2\/pages\/120\/revisions"}],"predecessor-version":[{"id":122,"href":"https:\/\/ylonahartford.com\/index.php?rest_route=\/wp\/v2\/pages\/120\/revisions\/122"}],"wp:attachment":[{"href":"https:\/\/ylonahartford.com\/index.php?rest_route=%2Fwp%2Fv2%2Fmedia&parent=120"}],"curies":[{"name":"wp","href":"https:\/\/api.w.org\/{rel}","templated":true}]}}